{"id":93,"date":"2014-12-03T19:53:30","date_gmt":"2014-12-03T18:53:30","guid":{"rendered":"http:\/\/natationlannemezan.com\/?page_id=93"},"modified":"2019-04-25T07:51:52","modified_gmt":"2019-04-25T06:51:52","slug":"photos","status":"publish","type":"page","link":"https:\/\/natationlannemezan.com\/?page_id=93","title":{"rendered":"Photos"},"content":{"rendered":"<p>Stage de perfectionnement \u00e0 Perpignan du 22 au 26 avril 2019<\/p>\n<p><a href=\"http:\/\/natationlannemezan.com\/wp-content\/uploads\/2019\/04\/1502.jpg\"><img decoding=\"async\" loading=\"lazy\" class=\"alignnone size-medium wp-image-976\" src=\"http:\/\/natationlannemezan.com\/wp-content\/uploads\/2019\/04\/1502-300x180.jpg\" alt=\"1502\" width=\"300\" height=\"180\" srcset=\"https:\/\/natationlannemezan.com\/wp-content\/uploads\/2019\/04\/1502-300x180.jpg 300w, https:\/\/natationlannemezan.com\/wp-content\/uploads\/2019\/04\/1502.jpg 600w\" sizes=\"(max-width: 300px) 100vw, 300px\" \/><\/a><a href=\"http:\/\/natationlannemezan.com\/wp-content\/uploads\/2019\/04\/1501.jpg\"><img decoding=\"async\" loading=\"lazy\" class=\"alignnone size-medium wp-image-975\" src=\"http:\/\/natationlannemezan.com\/wp-content\/uploads\/2019\/04\/1501-300x180.jpg\" alt=\"1501\" width=\"300\" height=\"180\" srcset=\"https:\/\/natationlannemezan.com\/wp-content\/uploads\/2019\/04\/1501-300x180.jpg 300w, https:\/\/natationlannemezan.com\/wp-content\/uploads\/2019\/04\/1501.jpg 600w\" sizes=\"(max-width: 300px) 100vw, 300px\" \/><\/a><a href=\"http:\/\/natationlannemezan.com\/wp-content\/uploads\/2019\/04\/1500.jpg\"><img decoding=\"async\" loading=\"lazy\" class=\"alignnone size-medium wp-image-974\" src=\"http:\/\/natationlannemezan.com\/wp-content\/uploads\/2019\/04\/1500-300x225.jpg\" alt=\"1500\" width=\"300\" height=\"225\" srcset=\"https:\/\/natationlannemezan.com\/wp-content\/uploads\/2019\/04\/1500-300x225.jpg 300w, https:\/\/natationlannemezan.com\/wp-content\/uploads\/2019\/04\/1500.jpg 615w\" sizes=\"(max-width: 300px) 100vw, 300px\" \/><\/a><a href=\"http:\/\/natationlannemezan.com\/wp-content\/uploads\/2019\/04\/1496.jpg\"><img decoding=\"async\" loading=\"lazy\" class=\"alignnone size-medium wp-image-970\" src=\"http:\/\/natationlannemezan.com\/wp-content\/uploads\/2019\/04\/1496-300x225.jpg\" alt=\"1496\" width=\"300\" height=\"225\" srcset=\"https:\/\/natationlannemezan.com\/wp-content\/uploads\/2019\/04\/1496-300x225.jpg 300w, https:\/\/natationlannemezan.com\/wp-content\/uploads\/2019\/04\/1496.jpg 580w\" sizes=\"(max-width: 300px) 100vw, 300px\" \/><\/a><a href=\"http:\/\/natationlannemezan.com\/wp-content\/uploads\/2019\/04\/1495.jpg\"><img decoding=\"async\" loading=\"lazy\" class=\"alignnone size-medium wp-image-969\" src=\"http:\/\/natationlannemezan.com\/wp-content\/uploads\/2019\/04\/1495-300x225.jpg\" alt=\"1495\" width=\"300\" height=\"225\" srcset=\"https:\/\/natationlannemezan.com\/wp-content\/uploads\/2019\/04\/1495-300x225.jpg 300w, https:\/\/natationlannemezan.com\/wp-content\/uploads\/2019\/04\/1495.jpg 580w\" sizes=\"(max-width: 300px) 100vw, 300px\" \/><\/a><a href=\"http:\/\/natationlannemezan.com\/wp-content\/uploads\/2019\/04\/1494.jpg\"><img decoding=\"async\" loading=\"lazy\" class=\"alignnone size-medium wp-image-968\" src=\"http:\/\/natationlannemezan.com\/wp-content\/uploads\/2019\/04\/1494-300x225.jpg\" alt=\"1494\" width=\"300\" height=\"225\" srcset=\"https:\/\/natationlannemezan.com\/wp-content\/uploads\/2019\/04\/1494-300x225.jpg 300w, https:\/\/natationlannemezan.com\/wp-content\/uploads\/2019\/04\/1494.jpg 580w\" sizes=\"(max-width: 300px) 100vw, 300px\" \/><\/a><a href=\"http:\/\/natationlannemezan.com\/wp-content\/uploads\/2019\/04\/1493.jpg\"><img decoding=\"async\" loading=\"lazy\" class=\"alignnone size-medium wp-image-967\" src=\"http:\/\/natationlannemezan.com\/wp-content\/uploads\/2019\/04\/1493-300x225.jpg\" alt=\"1493\" width=\"300\" height=\"225\" srcset=\"https:\/\/natationlannemezan.com\/wp-content\/uploads\/2019\/04\/1493-300x225.jpg 300w, https:\/\/natationlannemezan.com\/wp-content\/uploads\/2019\/04\/1493.jpg 580w\" sizes=\"(max-width: 300px) 100vw, 300px\" \/><\/a><a href=\"http:\/\/natationlannemezan.com\/wp-content\/uploads\/2019\/04\/1492.jpg\"><img decoding=\"async\" loading=\"lazy\" class=\"alignnone size-medium wp-image-966\" src=\"http:\/\/natationlannemezan.com\/wp-content\/uploads\/2019\/04\/1492-225x300.jpg\" alt=\"1492\" width=\"225\" height=\"300\" srcset=\"https:\/\/natationlannemezan.com\/wp-content\/uploads\/2019\/04\/1492-225x300.jpg 225w, https:\/\/natationlannemezan.com\/wp-content\/uploads\/2019\/04\/1492.jpg 435w\" sizes=\"(max-width: 225px) 100vw, 225px\" \/><\/a><\/p>\n<p>Challenge espoirs Tarbes 01.12.2018<\/p>\n<p><a href=\"http:\/\/natationlannemezan.com\/wp-content\/uploads\/2014\/12\/47113522_291758524800890_9135984759644618752_n.jpg\"><img decoding=\"async\" loading=\"lazy\" class=\"alignnone size-medium wp-image-928\" src=\"http:\/\/natationlannemezan.com\/wp-content\/uploads\/2014\/12\/47113522_291758524800890_9135984759644618752_n-300x225.jpg\" alt=\"47113522_291758524800890_9135984759644618752_n\" width=\"300\" height=\"225\" srcset=\"https:\/\/natationlannemezan.com\/wp-content\/uploads\/2014\/12\/47113522_291758524800890_9135984759644618752_n-300x225.jpg 300w, https:\/\/natationlannemezan.com\/wp-content\/uploads\/2014\/12\/47113522_291758524800890_9135984759644618752_n-768x576.jpg 768w, https:\/\/natationlannemezan.com\/wp-content\/uploads\/2014\/12\/47113522_291758524800890_9135984759644618752_n.jpg 960w\" sizes=\"(max-width: 300px) 100vw, 300px\" \/><\/a> <a href=\"http:\/\/natationlannemezan.com\/wp-content\/uploads\/2014\/12\/47137316_2163149884002904_8482489714438307840_n.jpg\"><img decoding=\"async\" loading=\"lazy\" class=\"alignnone size-medium wp-image-929\" src=\"http:\/\/natationlannemezan.com\/wp-content\/uploads\/2014\/12\/47137316_2163149884002904_8482489714438307840_n-300x225.jpg\" alt=\"47137316_2163149884002904_8482489714438307840_n\" width=\"300\" height=\"225\" srcset=\"https:\/\/natationlannemezan.com\/wp-content\/uploads\/2014\/12\/47137316_2163149884002904_8482489714438307840_n-300x225.jpg 300w, https:\/\/natationlannemezan.com\/wp-content\/uploads\/2014\/12\/47137316_2163149884002904_8482489714438307840_n-768x576.jpg 768w, https:\/\/natationlannemezan.com\/wp-content\/uploads\/2014\/12\/47137316_2163149884002904_8482489714438307840_n.jpg 960w\" sizes=\"(max-width: 300px) 100vw, 300px\" \/><\/a><\/p>\n<p>Toac Jeunes et sprint S\u00e9m\u00e9ac 25.11.2018<\/p>\n<p><a href=\"http:\/\/natationlannemezan.com\/wp-content\/uploads\/2014\/12\/46510373_1938633196218493_3292312923120074752_n.jpg\"><img decoding=\"async\" loading=\"lazy\" class=\"alignnone size-medium wp-image-916\" src=\"http:\/\/natationlannemezan.com\/wp-content\/uploads\/2014\/12\/46510373_1938633196218493_3292312923120074752_n-300x225.jpg\" alt=\"46510373_1938633196218493_3292312923120074752_n\" width=\"300\" height=\"225\" srcset=\"https:\/\/natationlannemezan.com\/wp-content\/uploads\/2014\/12\/46510373_1938633196218493_3292312923120074752_n-300x225.jpg 300w, https:\/\/natationlannemezan.com\/wp-content\/uploads\/2014\/12\/46510373_1938633196218493_3292312923120074752_n-768x576.jpg 768w, https:\/\/natationlannemezan.com\/wp-content\/uploads\/2014\/12\/46510373_1938633196218493_3292312923120074752_n.jpg 960w\" sizes=\"(max-width: 300px) 100vw, 300px\" \/><\/a> <a href=\"http:\/\/natationlannemezan.com\/wp-content\/uploads\/2014\/12\/46525422_312737579579727_5317965326938275840_n.jpg\"><img decoding=\"async\" loading=\"lazy\" class=\"alignnone size-medium wp-image-917\" src=\"http:\/\/natationlannemezan.com\/wp-content\/uploads\/2014\/12\/46525422_312737579579727_5317965326938275840_n-300x225.jpg\" alt=\"46525422_312737579579727_5317965326938275840_n\" width=\"300\" height=\"225\" srcset=\"https:\/\/natationlannemezan.com\/wp-content\/uploads\/2014\/12\/46525422_312737579579727_5317965326938275840_n-300x225.jpg 300w, https:\/\/natationlannemezan.com\/wp-content\/uploads\/2014\/12\/46525422_312737579579727_5317965326938275840_n-768x576.jpg 768w, https:\/\/natationlannemezan.com\/wp-content\/uploads\/2014\/12\/46525422_312737579579727_5317965326938275840_n.jpg 960w\" sizes=\"(max-width: 300px) 100vw, 300px\" \/><\/a> <a href=\"http:\/\/natationlannemezan.com\/wp-content\/uploads\/2014\/12\/46856083_278299909700197_6266213841546248192_n.jpg\"><img decoding=\"async\" loading=\"lazy\" class=\"alignnone size-medium wp-image-918\" src=\"http:\/\/natationlannemezan.com\/wp-content\/uploads\/2014\/12\/46856083_278299909700197_6266213841546248192_n-300x225.jpg\" alt=\"46856083_278299909700197_6266213841546248192_n\" width=\"300\" height=\"225\" srcset=\"https:\/\/natationlannemezan.com\/wp-content\/uploads\/2014\/12\/46856083_278299909700197_6266213841546248192_n-300x225.jpg 300w, https:\/\/natationlannemezan.com\/wp-content\/uploads\/2014\/12\/46856083_278299909700197_6266213841546248192_n-768x576.jpg 768w, https:\/\/natationlannemezan.com\/wp-content\/uploads\/2014\/12\/46856083_278299909700197_6266213841546248192_n.jpg 960w\" sizes=\"(max-width: 300px) 100vw, 300px\" \/><\/a><\/p>\n<p>&nbsp;<\/p>\n<p>Qualificatifs r\u00e9gionaux Muret 25.11.2018<\/p>\n<p><a href=\"http:\/\/natationlannemezan.com\/wp-content\/uploads\/2014\/12\/muret.jpg\"><img decoding=\"async\" loading=\"lazy\" class=\"alignnone size-medium wp-image-915\" src=\"http:\/\/natationlannemezan.com\/wp-content\/uploads\/2014\/12\/muret-300x168.jpg\" alt=\"muret\" width=\"300\" height=\"168\" srcset=\"https:\/\/natationlannemezan.com\/wp-content\/uploads\/2014\/12\/muret-300x168.jpg 300w, https:\/\/natationlannemezan.com\/wp-content\/uploads\/2014\/12\/muret.jpg 540w\" sizes=\"(max-width: 300px) 100vw, 300px\" \/><\/a><\/p>\n<p>Championnat inter-d\u00e9partemental hiver 18\/11\/2018 Bagn\u00e8res<\/p>\n<p><a href=\"http:\/\/natationlannemezan.com\/wp-content\/uploads\/2018\/11\/46493753_1479585618840063_2014283844429021184_n.jpg\"><img decoding=\"async\" loading=\"lazy\" class=\"alignnone size-medium wp-image-891\" src=\"http:\/\/natationlannemezan.com\/wp-content\/uploads\/2018\/11\/46493753_1479585618840063_2014283844429021184_n-300x225.jpg\" alt=\"46493753_1479585618840063_2014283844429021184_n\" width=\"300\" height=\"225\" srcset=\"https:\/\/natationlannemezan.com\/wp-content\/uploads\/2018\/11\/46493753_1479585618840063_2014283844429021184_n-300x225.jpg 300w, https:\/\/natationlannemezan.com\/wp-content\/uploads\/2018\/11\/46493753_1479585618840063_2014283844429021184_n-768x576.jpg 768w, https:\/\/natationlannemezan.com\/wp-content\/uploads\/2018\/11\/46493753_1479585618840063_2014283844429021184_n.jpg 960w\" sizes=\"(max-width: 300px) 100vw, 300px\" \/><\/a><a href=\"http:\/\/natationlannemezan.com\/wp-content\/uploads\/2018\/11\/46468160_330348224428926_5760868732528230400_n.jpg\"><img decoding=\"async\" loading=\"lazy\" class=\"alignnone size-medium wp-image-890\" src=\"http:\/\/natationlannemezan.com\/wp-content\/uploads\/2018\/11\/46468160_330348224428926_5760868732528230400_n-300x225.jpg\" alt=\"46468160_330348224428926_5760868732528230400_n\" width=\"300\" height=\"225\" srcset=\"https:\/\/natationlannemezan.com\/wp-content\/uploads\/2018\/11\/46468160_330348224428926_5760868732528230400_n-300x225.jpg 300w, https:\/\/natationlannemezan.com\/wp-content\/uploads\/2018\/11\/46468160_330348224428926_5760868732528230400_n-768x576.jpg 768w, https:\/\/natationlannemezan.com\/wp-content\/uploads\/2018\/11\/46468160_330348224428926_5760868732528230400_n.jpg 960w\" sizes=\"(max-width: 300px) 100vw, 300px\" \/><\/a><a href=\"http:\/\/natationlannemezan.com\/wp-content\/uploads\/2018\/11\/46434253_507226629775161_7547646419826376704_n.jpg\"><img decoding=\"async\" loading=\"lazy\" class=\"alignnone size-medium wp-image-889\" src=\"http:\/\/natationlannemezan.com\/wp-content\/uploads\/2018\/11\/46434253_507226629775161_7547646419826376704_n-300x225.jpg\" alt=\"46434253_507226629775161_7547646419826376704_n\" width=\"300\" height=\"225\" srcset=\"https:\/\/natationlannemezan.com\/wp-content\/uploads\/2018\/11\/46434253_507226629775161_7547646419826376704_n-300x225.jpg 300w, https:\/\/natationlannemezan.com\/wp-content\/uploads\/2018\/11\/46434253_507226629775161_7547646419826376704_n-768x576.jpg 768w, https:\/\/natationlannemezan.com\/wp-content\/uploads\/2018\/11\/46434253_507226629775161_7547646419826376704_n.jpg 960w\" sizes=\"(max-width: 300px) 100vw, 300px\" \/><\/a><a href=\"http:\/\/natationlannemezan.com\/wp-content\/uploads\/2018\/11\/46396543_2240050499608405_2349404014933704704_n.jpg\"><img decoding=\"async\" loading=\"lazy\" class=\"alignnone size-medium wp-image-888\" src=\"http:\/\/natationlannemezan.com\/wp-content\/uploads\/2018\/11\/46396543_2240050499608405_2349404014933704704_n-300x225.jpg\" alt=\"46396543_2240050499608405_2349404014933704704_n\" width=\"300\" height=\"225\" srcset=\"https:\/\/natationlannemezan.com\/wp-content\/uploads\/2018\/11\/46396543_2240050499608405_2349404014933704704_n-300x225.jpg 300w, https:\/\/natationlannemezan.com\/wp-content\/uploads\/2018\/11\/46396543_2240050499608405_2349404014933704704_n-768x576.jpg 768w, https:\/\/natationlannemezan.com\/wp-content\/uploads\/2018\/11\/46396543_2240050499608405_2349404014933704704_n.jpg 960w\" sizes=\"(max-width: 300px) 100vw, 300px\" \/><\/a><a href=\"http:\/\/natationlannemezan.com\/wp-content\/uploads\/2018\/11\/46394131_291267044834566_8760545716792721408_n.jpg\"><img decoding=\"async\" loading=\"lazy\" class=\"alignnone size-medium wp-image-887\" src=\"http:\/\/natationlannemezan.com\/wp-content\/uploads\/2018\/11\/46394131_291267044834566_8760545716792721408_n-300x225.jpg\" alt=\"46394131_291267044834566_8760545716792721408_n\" width=\"300\" height=\"225\" srcset=\"https:\/\/natationlannemezan.com\/wp-content\/uploads\/2018\/11\/46394131_291267044834566_8760545716792721408_n-300x225.jpg 300w, https:\/\/natationlannemezan.com\/wp-content\/uploads\/2018\/11\/46394131_291267044834566_8760545716792721408_n-768x576.jpg 768w, https:\/\/natationlannemezan.com\/wp-content\/uploads\/2018\/11\/46394131_291267044834566_8760545716792721408_n.jpg 960w\" sizes=\"(max-width: 300px) 100vw, 300px\" \/><\/a><\/p>\n<p>TEAM CUP DU 08.05.2016 A LOURDES<\/p>\n<p><a href=\"http:\/\/natationlannemezan.com\/wp-content\/uploads\/2014\/12\/received_1710010992591844.jpeg\" rel=\"attachment wp-att-676\"><img decoding=\"async\" loading=\"lazy\" class=\"alignnone size-medium wp-image-676\" src=\"http:\/\/natationlannemezan.com\/wp-content\/uploads\/2014\/12\/received_1710010992591844-300x180.jpeg\" alt=\"received_1710010992591844\" width=\"300\" height=\"180\" srcset=\"https:\/\/natationlannemezan.com\/wp-content\/uploads\/2014\/12\/received_1710010992591844-300x180.jpeg 300w, https:\/\/natationlannemezan.com\/wp-content\/uploads\/2014\/12\/received_1710010992591844-768x461.jpeg 768w, https:\/\/natationlannemezan.com\/wp-content\/uploads\/2014\/12\/received_1710010992591844-1024x614.jpeg 1024w, https:\/\/natationlannemezan.com\/wp-content\/uploads\/2014\/12\/received_1710010992591844.jpeg 1184w\" sizes=\"(max-width: 300px) 100vw, 300px\" \/><\/a><\/p>\n<p><em>FINALE DU TOAC, LE 16.04.2016 A TOULOUSE<\/em><\/p>\n<p><a href=\"http:\/\/natationlannemezan.com\/wp-content\/uploads\/2014\/12\/20160416_172920.jpg\" rel=\"attachment wp-att-657\"><img decoding=\"async\" loading=\"lazy\" class=\"alignnone size-medium wp-image-657\" src=\"http:\/\/natationlannemezan.com\/wp-content\/uploads\/2014\/12\/20160416_172920-180x300.jpg\" alt=\"20160416_172920\" width=\"180\" height=\"300\" srcset=\"https:\/\/natationlannemezan.com\/wp-content\/uploads\/2014\/12\/20160416_172920-180x300.jpg 180w, https:\/\/natationlannemezan.com\/wp-content\/uploads\/2014\/12\/20160416_172920.jpg 480w\" sizes=\"(max-width: 180px) 100vw, 180px\" \/><\/a> <a href=\"http:\/\/natationlannemezan.com\/wp-content\/uploads\/2014\/12\/P1000684.jpg\" rel=\"attachment wp-att-658\"><img decoding=\"async\" loading=\"lazy\" class=\"alignnone size-medium wp-image-658\" src=\"http:\/\/natationlannemezan.com\/wp-content\/uploads\/2014\/12\/P1000684-300x200.jpg\" alt=\"P1000684\" width=\"300\" height=\"200\" srcset=\"https:\/\/natationlannemezan.com\/wp-content\/uploads\/2014\/12\/P1000684-300x200.jpg 300w, https:\/\/natationlannemezan.com\/wp-content\/uploads\/2014\/12\/P1000684-768x512.jpg 768w, https:\/\/natationlannemezan.com\/wp-content\/uploads\/2014\/12\/P1000684-1024x683.jpg 1024w\" sizes=\"(max-width: 300px) 100vw, 300px\" \/><\/a> <a href=\"http:\/\/natationlannemezan.com\/wp-content\/uploads\/2014\/12\/P1000704.jpg\" rel=\"attachment wp-att-660\"><img decoding=\"async\" loading=\"lazy\" class=\"alignnone size-medium wp-image-660\" src=\"http:\/\/natationlannemezan.com\/wp-content\/uploads\/2014\/12\/P1000704-300x200.jpg\" alt=\"P1000704\" width=\"300\" height=\"200\" srcset=\"https:\/\/natationlannemezan.com\/wp-content\/uploads\/2014\/12\/P1000704-300x200.jpg 300w, https:\/\/natationlannemezan.com\/wp-content\/uploads\/2014\/12\/P1000704-768x512.jpg 768w, https:\/\/natationlannemezan.com\/wp-content\/uploads\/2014\/12\/P1000704-1024x683.jpg 1024w\" sizes=\"(max-width: 300px) 100vw, 300px\" \/><\/a><\/p>\n<p>&nbsp;<\/p>\n<p><a href=\"http:\/\/natationlannemezan.com\/wp-content\/uploads\/2014\/12\/DSC_0209.jpg\">Nos 4 nageurs au championnat d\u00e9partemental \u00e0 Lau Balagnas<img decoding=\"async\" loading=\"lazy\" class=\"alignnone size-medium wp-image-101\" src=\"http:\/\/natationlannemezan.com\/wp-content\/uploads\/2014\/12\/DSC_0209-300x168.jpg\" alt=\"DSC_0209\" width=\"300\" height=\"168\" srcset=\"https:\/\/natationlannemezan.com\/wp-content\/uploads\/2014\/12\/DSC_0209-300x168.jpg 300w, https:\/\/natationlannemezan.com\/wp-content\/uploads\/2014\/12\/DSC_0209-1024x576.jpg 1024w\" sizes=\"(max-width: 300px) 100vw, 300px\" \/><\/a><\/p>\n<p>&nbsp;<\/p>\n<p>L&rsquo;\u00e9quipe Masters aux interclubs \u00e0 Albi.<\/p>\n<p><a href=\"http:\/\/natationlannemezan.com\/wp-content\/uploads\/2014\/12\/interclub-Albi-1.jpg\"><img decoding=\"async\" loading=\"lazy\" class=\"alignnone size-medium wp-image-103\" src=\"http:\/\/natationlannemezan.com\/wp-content\/uploads\/2014\/12\/interclub-Albi-1-300x225.jpg\" alt=\"interclub Albi (1)\" width=\"300\" height=\"225\" srcset=\"https:\/\/natationlannemezan.com\/wp-content\/uploads\/2014\/12\/interclub-Albi-1-300x225.jpg 300w, https:\/\/natationlannemezan.com\/wp-content\/uploads\/2014\/12\/interclub-Albi-1-1024x768.jpg 1024w\" sizes=\"(max-width: 300px) 100vw, 300px\" \/><\/a> <a href=\"http:\/\/natationlannemezan.com\/wp-content\/uploads\/2014\/12\/interclub-Albi-2.jpg\"><img decoding=\"async\" loading=\"lazy\" class=\"alignnone size-medium wp-image-104\" src=\"http:\/\/natationlannemezan.com\/wp-content\/uploads\/2014\/12\/interclub-Albi-2-300x225.jpg\" alt=\"interclub Albi (2)\" width=\"300\" height=\"225\" srcset=\"https:\/\/natationlannemezan.com\/wp-content\/uploads\/2014\/12\/interclub-Albi-2-300x225.jpg 300w, https:\/\/natationlannemezan.com\/wp-content\/uploads\/2014\/12\/interclub-Albi-2-1024x768.jpg 1024w\" sizes=\"(max-width: 300px) 100vw, 300px\" \/><\/a> <a href=\"http:\/\/natationlannemezan.com\/wp-content\/uploads\/2014\/12\/interclub-Albi-11.jpg\"><img decoding=\"async\" loading=\"lazy\" class=\"alignnone size-medium wp-image-105\" src=\"http:\/\/natationlannemezan.com\/wp-content\/uploads\/2014\/12\/interclub-Albi-11-300x225.jpg\" alt=\"interclub Albi ( (1)\" width=\"300\" height=\"225\" srcset=\"https:\/\/natationlannemezan.com\/wp-content\/uploads\/2014\/12\/interclub-Albi-11-300x225.jpg 300w, https:\/\/natationlannemezan.com\/wp-content\/uploads\/2014\/12\/interclub-Albi-11-1024x768.jpg 1024w\" sizes=\"(max-width: 300px) 100vw, 300px\" \/><\/a> <a href=\"http:\/\/natationlannemezan.com\/wp-content\/uploads\/2014\/12\/interclub-Albi-21.jpg\"><img decoding=\"async\" loading=\"lazy\" class=\"alignnone size-medium wp-image-106\" src=\"http:\/\/natationlannemezan.com\/wp-content\/uploads\/2014\/12\/interclub-Albi-21-300x225.jpg\" alt=\"interclub Albi ( (2)\" width=\"300\" height=\"225\" srcset=\"https:\/\/natationlannemezan.com\/wp-content\/uploads\/2014\/12\/interclub-Albi-21-300x225.jpg 300w, https:\/\/natationlannemezan.com\/wp-content\/uploads\/2014\/12\/interclub-Albi-21-1024x768.jpg 1024w\" sizes=\"(max-width: 300px) 100vw, 300px\" \/><\/a> <a href=\"http:\/\/natationlannemezan.com\/wp-content\/uploads\/2014\/12\/interclub-Albi.jpg\"><img decoding=\"async\" loading=\"lazy\" class=\"alignnone size-medium wp-image-107\" src=\"http:\/\/natationlannemezan.com\/wp-content\/uploads\/2014\/12\/interclub-Albi-300x225.jpg\" alt=\"interclub Albi\" width=\"300\" height=\"225\" srcset=\"https:\/\/natationlannemezan.com\/wp-content\/uploads\/2014\/12\/interclub-Albi-300x225.jpg 300w, https:\/\/natationlannemezan.com\/wp-content\/uploads\/2014\/12\/interclub-Albi-1024x768.jpg 1024w\" sizes=\"(max-width: 300px) 100vw, 300px\" \/><\/a><\/p>\n","protected":false},"excerpt":{"rendered":"<p>Stage de perfectionnement \u00e0 Perpignan du 22 au 26 avril 2019 Challenge espoirs Tarbes 01.12.2018 Toac Jeunes et sprint S\u00e9m\u00e9ac 25.11.2018 &nbsp; Qualificatifs r\u00e9gionaux Muret 25.11.2018 Championnat inter-d\u00e9partemental hiver 18\/11\/2018 Bagn\u00e8res TEAM CUP DU 08.05.2016 A LOURDES FINALE DU TOAC, &hellip; <a href=\"https:\/\/natationlannemezan.com\/?page_id=93\">Continuer la lecture <span class=\"meta-nav\">&rarr;<\/span><\/a><\/p>\n","protected":false},"author":1,"featured_media":0,"parent":0,"menu_order":0,"comment_status":"closed","ping_status":"open","template":"","meta":[],"_links":{"self":[{"href":"https:\/\/natationlannemezan.com\/index.php?rest_route=\/wp\/v2\/pages\/93"}],"collection":[{"href":"https:\/\/natationlannemezan.com\/index.php?rest_route=\/wp\/v2\/pages"}],"about":[{"href":"https:\/\/natationlannemezan.com\/index.php?rest_route=\/wp\/v2\/types\/page"}],"author":[{"embeddable":true,"href":"https:\/\/natationlannemezan.com\/index.php?rest_route=\/wp\/v2\/users\/1"}],"replies":[{"embeddable":true,"href":"https:\/\/natationlannemezan.com\/index.php?rest_route=%2Fwp%2Fv2%2Fcomments&post=93"}],"version-history":[{"count":9,"href":"https:\/\/natationlannemezan.com\/index.php?rest_route=\/wp\/v2\/pages\/93\/revisions"}],"predecessor-version":[{"id":978,"href":"https:\/\/natationlannemezan.com\/index.php?rest_route=\/wp\/v2\/pages\/93\/revisions\/978"}],"wp:attachment":[{"href":"https:\/\/natationlannemezan.com\/index.php?rest_route=%2Fwp%2Fv2%2Fmedia&parent=93"}],"curies":[{"name":"wp","href":"https:\/\/api.w.org\/{rel}","templated":true}]}}