{"id":37,"date":"2014-09-28T20:34:54","date_gmt":"2014-09-28T19:34:54","guid":{"rendered":"http:\/\/natationlannemezan.com\/?page_id=37"},"modified":"2019-12-03T10:16:51","modified_gmt":"2019-12-03T09:16:51","slug":"resultats-des-competitions","status":"publish","type":"page","link":"https:\/\/natationlannemezan.com\/?page_id=37","title":{"rendered":"R\u00e9sultats des comp\u00e9titions"},"content":{"rendered":"<p><em><strong><span style=\"text-decoration: underline;\">SAISON 2019\/2020<\/span><\/strong><\/em><\/p>\n<p><a href=\"http:\/\/natationlannemezan.com\/wp-content\/uploads\/2014\/09\/meeting-qualificatif-s\u00e9m\u00e9ac-24.11.2019.pdf\">meeting qualificatif s\u00e9m\u00e9ac 24.11.2019<\/a><\/p>\n<p><a href=\"http:\/\/natationlannemezan.com\/wp-content\/uploads\/2014\/09\/championnat-d\u00e9partemental-Bagn\u00e8res-17.11.2019.pdf\">championnat d\u00e9partemental Bagn\u00e8res 17.11.2019<\/a><\/p>\n<p><a href=\"http:\/\/natationlannemezan.com\/wp-content\/uploads\/2014\/09\/Interclubs-10.11.2019-Lourdes.pdf\">Interclubs 10.11.2019 Lourdes<\/a><\/p>\n<p><span style=\"text-decoration: underline; color: #000000;\"><em><strong>SAISON 2018\/2019<\/strong><\/em><\/span><\/p>\n<p><a href=\"http:\/\/natationlannemezan.com\/wp-content\/uploads\/2014\/09\/finales-100-4N-Dames-Meeting-Lourdes.pdf\">finales 100 4N Dames Meeting Lourdes<\/a><\/p>\n<p><a href=\"http:\/\/natationlannemezan.com\/wp-content\/uploads\/2014\/09\/finales-100-4N-messieurs-Meeting-Lourdes.pdf\">finales 100 4N messieurs Meeting Lourdes<\/a><\/p>\n<p><a href=\"http:\/\/natationlannemezan.com\/wp-content\/uploads\/2014\/09\/1er-meeting-de-Lourdes-27.04.2019.pdf\">1er meeting de Lourdes 27.04.2019<\/a><\/p>\n<p><a href=\"http:\/\/natationlannemezan.com\/wp-content\/uploads\/2014\/09\/Interclubs-Avenirs-21.04.2019-Lannemezan.pdf\">Interclubs Avenirs 21.04.2019 Lannemezan<\/a><\/p>\n<p><a href=\"http:\/\/natationlannemezan.com\/wp-content\/uploads\/2014\/09\/Interclubs-Jeunes-21.04.2019-Lannemezan.pdf\">Interclubs Jeunes 21.04.2019 Lannemezan<\/a><\/p>\n<p><a href=\"http:\/\/natationlannemezan.com\/wp-content\/uploads\/2014\/09\/meeting-qualificatif-Auch-17.03.2019.pdf\">meeting qualificatif Auch 17.03.2019<\/a><\/p>\n<p><a href=\"http:\/\/natationlannemezan.com\/wp-content\/uploads\/2014\/09\/challenge-espoirs-3eme-etape-16.03.2019.pdf\">challenge espoirs 3eme etape 16.03.2019<\/a><\/p>\n<p><a href=\"http:\/\/natationlannemezan.com\/wp-content\/uploads\/2014\/09\/meeting-qualificatif-bagn\u00e8res-24.02.2019.pdf\">meeting qualificatif bagn\u00e8res 24.02.2019<\/a><\/p>\n<p><a href=\"http:\/\/natationlannemezan.com\/wp-content\/uploads\/2014\/09\/meeting-qualificatif-Lourdes-20.01.2019.pdf\">meeting qualificatif Lourdes 20.01.2019<\/a><\/p>\n<p><a href=\"http:\/\/natationlannemezan.com\/wp-content\/uploads\/2014\/09\/Toac-2-jeunes-20.01.2018-Lourdes.pdf\">Toac 2 jeunes 20.01.2018 Lourdes<\/a><\/p>\n<p><a href=\"http:\/\/natationlannemezan.com\/wp-content\/uploads\/2014\/09\/Meetiong-qualificatif-troph\u00e9e-1-jeunes-20.01.2018-Lourdes.pdf\">Meetiong qualificatif-troph\u00e9e 1 jeunes 20.01.2018 Lourdes<\/a><\/p>\n<p><span style=\"text-decoration: underline; color: #000000;\"><em><strong><span class=\"competition-titre\"><a href=\"http:\/\/natationlannemezan.com\/wp-content\/uploads\/2014\/09\/Challenge-espoirs-2-et-Toac-avenirs-2.pdf\">Challenge espoirs 2 et Toac avenirs 2 19.01.2019 Tarbes<\/a><\/span><\/strong><\/em><\/span><\/p>\n<p><a href=\"http:\/\/natationlannemezan.com\/wp-content\/uploads\/2014\/09\/Circuit-jeunes-demi-fond-et-4-nages-Lannemezan-16.12.2018.pdf\">Circuit jeunes demi fond et 4 nages Lannemezan 16.12.2018<\/a><\/p>\n<p><a href=\"http:\/\/natationlannemezan.com\/wp-content\/uploads\/2014\/09\/TOAC-1-Avenirs-Tarbes-01.12.2018.pdf\">TOAC 1 Avenirs Tarbes 01.12.2018<\/a><\/p>\n<p><a href=\"http:\/\/natationlannemezan.com\/wp-content\/uploads\/2014\/09\/Challenge-espoirs-Tarbes-01.12.2018.pdf\">Challenge espoirs Tarbes 01.12.2018<\/a><\/p>\n<p><a href=\"http:\/\/natationlannemezan.com\/wp-content\/uploads\/2014\/09\/Circuit-jeunes-sprint-S\u00e9m\u00e9ac-25.11.2018.pdf\">Circuit jeunes sprint S\u00e9m\u00e9ac 25.11.2018<\/a><\/p>\n<p><a href=\"http:\/\/natationlannemezan.com\/wp-content\/uploads\/2014\/09\/Toac-jeunes-1-S\u00e9m\u00e9ac-25.11.2018.pdf\">Toac jeunes 1 S\u00e9m\u00e9ac 25.11.2018<\/a><\/p>\n<p><a href=\"http:\/\/natationlannemezan.com\/wp-content\/uploads\/2014\/09\/Qualificatifs-R\u00e9gionaux-Muret-25.11.2018.pdf\">Qualificatifs R\u00e9gionaux Muret 25.11.2018<\/a><\/p>\n<p><a href=\"http:\/\/natationlannemezan.com\/wp-content\/uploads\/2014\/09\/championnat-d\u00e9partemental-Bagn\u00e8res-18.11.2018.pdf\">championnat d\u00e9partemental Bagn\u00e8res 18.11.2018<\/a><\/p>\n<p><a href=\"http:\/\/natationlannemezan.com\/wp-content\/uploads\/2014\/09\/Interclubs-Lourdes-11.11.2018.pdf\">Interclubs Lourdes 11.11.2018<\/a><\/p>\n<p>&nbsp;<\/p>\n<p><span style=\"text-decoration: underline;\"><em><strong>SAISON 2017\/2018<\/strong><\/em><\/span><\/p>\n<p><a href=\"http:\/\/natationlannemezan.com\/wp-content\/uploads\/2014\/09\/resultats-alex-Jany-finale.pdf\">resultats alex Jany-finale<\/a><\/p>\n<p><a href=\"http:\/\/natationlannemezan.com\/wp-content\/uploads\/2014\/09\/2\u00e8me-\u00e9tape-natathlon-18.03.pdf\">2\u00e8me \u00e9tape natathlon 18.03<\/a><\/p>\n<p><a href=\"http:\/\/natationlannemezan.com\/wp-content\/uploads\/2014\/09\/Toac-11.03.pdf\">Toac 11.03<\/a><\/p>\n<p><a href=\"http:\/\/natationlannemezan.com\/wp-content\/uploads\/2014\/09\/Bagn\u00e8res-18-f\u00e9vrier.pdf\">Bagn\u00e8res 18 f\u00e9vrier<\/a><\/p>\n<p><a href=\"http:\/\/natationlannemezan.com\/wp-content\/uploads\/2014\/09\/R\u00e9sultats-Alex-Jany-13.01.18.pdf\">R\u00e9sultats Alex Jany 13.01.18<\/a><\/p>\n<p><a href=\"http:\/\/natationlannemezan.com\/wp-content\/uploads\/2014\/09\/Classement-des-nageurs-sur-plusieurs-\u00e9preuves.pdf2_.pdf\">Classement des nageurs sur plusieurs \u00e9preuves.pdf2<\/a><\/p>\n<p><a href=\"http:\/\/natationlannemezan.com\/wp-content\/uploads\/2014\/09\/Classement-des-nageurs-sur-plusieurs-\u00e9preuves-Alex-Jany.pdf2-1.pdf\">Classement des nageurs sur plusieurs \u00e9preuves Alex Jany.pdf2-1<\/a><\/p>\n<p><a href=\"http:\/\/natationlannemezan.com\/wp-content\/uploads\/2014\/09\/Classement-des-nageurs-sur-plusieurs-\u00e9preuves-Alex-Jany.pdf\">Classement des nageurs sur plusieurs \u00e9preuves Alex Jany<\/a><\/p>\n<p><a href=\"http:\/\/natationlannemezan.com\/wp-content\/uploads\/2014\/09\/resultats_globaux.alex-jany-19112017.pdf\">R\u00e9sultats alex jany 19.11.2017<\/a><\/p>\n<p><a href=\"http:\/\/natationlannemezan.com\/wp-content\/uploads\/2014\/09\/Championnat-Inter-D\u00e9partementale-Interclubs-12.11.17.pdf\">Championnat Inter-D\u00e9partementale Interclubs 12.11.17<\/a><\/p>\n<p><a href=\"http:\/\/natationlannemezan.com\/wp-content\/uploads\/2014\/09\/Championnat-Inter-D\u00e9partemental-05.11.17.pdf\">Championnat Inter-D\u00e9partemental 05.11.17<\/a><\/p>\n<p>&nbsp;<\/p>\n<p>&nbsp;<\/p>\n<p>&nbsp;<\/p>\n<p>&nbsp;<\/p>\n<p>&nbsp;<\/p>\n<p>&nbsp;<\/p>\n<p>&nbsp;<\/p>\n<p><a href=\"http:\/\/natationlannemezan.com\/wp-content\/uploads\/2014\/09\/resultats-natathlon-jeunes.pdf\">resultats natathlon avenirs 23\/04\/2017<br \/>\n<\/a><a href=\"http:\/\/natationlannemezan.com\/wp-content\/uploads\/2014\/09\/resultats-natathlon-jeunes.pdf\">resultats natathlon jeunes 23\/04\/2017<\/a><\/p>\n<p><a href=\"http:\/\/natationlannemezan.com\/wp-content\/uploads\/2014\/09\/R\u00e9sultats-nattour-02.04.17.pdf\">r\u00e9sultats nat&rsquo;tour 02.04.17<\/a><\/p>\n<p><a href=\"http:\/\/natationlannemezan.com\/wp-content\/uploads\/2014\/09\/resultats_interclubs_avenirs_lannemezan_11122016.pdf\">resultats_interclubs_avenirs_lannemezan_11122016<\/a> <a href=\"http:\/\/natationlannemezan.com\/wp-content\/uploads\/2014\/09\/resultats_interclubs_jeunes_lannemezan_11122016.pdf\">resultats_interclubs_jeunes_lannemezan_11122016<\/a> <a href=\"http:\/\/natationlannemezan.com\/wp-content\/uploads\/2014\/09\/Classement_interclubs_jeunes_lannemezan_11122016.pdf\">classement_interclubs_jeunes_lannemezan_11122016<\/a><\/p>\n<p>&nbsp;<\/p>\n<p>&nbsp;<\/p>\n<p>&nbsp;<\/p>\n<p>&nbsp;<\/p>\n","protected":false},"excerpt":{"rendered":"<p>SAISON 2019\/2020 meeting qualificatif s\u00e9m\u00e9ac 24.11.2019 championnat d\u00e9partemental Bagn\u00e8res 17.11.2019 Interclubs 10.11.2019 Lourdes SAISON 2018\/2019 finales 100 4N Dames Meeting Lourdes finales 100 4N messieurs Meeting Lourdes 1er meeting de Lourdes 27.04.2019 Interclubs Avenirs 21.04.2019 Lannemezan Interclubs Jeunes 21.04.2019 Lannemezan &hellip; <a href=\"https:\/\/natationlannemezan.com\/?page_id=37\">Continuer la lecture <span class=\"meta-nav\">&rarr;<\/span><\/a><\/p>\n","protected":false},"author":1,"featured_media":0,"parent":0,"menu_order":0,"comment_status":"open","ping_status":"open","template":"","meta":[],"_links":{"self":[{"href":"https:\/\/natationlannemezan.com\/index.php?rest_route=\/wp\/v2\/pages\/37"}],"collection":[{"href":"https:\/\/natationlannemezan.com\/index.php?rest_route=\/wp\/v2\/pages"}],"about":[{"href":"https:\/\/natationlannemezan.com\/index.php?rest_route=\/wp\/v2\/types\/page"}],"author":[{"embeddable":true,"href":"https:\/\/natationlannemezan.com\/index.php?rest_route=\/wp\/v2\/users\/1"}],"replies":[{"embeddable":true,"href":"https:\/\/natationlannemezan.com\/index.php?rest_route=%2Fwp%2Fv2%2Fcomments&post=37"}],"version-history":[{"count":44,"href":"https:\/\/natationlannemezan.com\/index.php?rest_route=\/wp\/v2\/pages\/37\/revisions"}],"predecessor-version":[{"id":1064,"href":"https:\/\/natationlannemezan.com\/index.php?rest_route=\/wp\/v2\/pages\/37\/revisions\/1064"}],"wp:attachment":[{"href":"https:\/\/natationlannemezan.com\/index.php?rest_route=%2Fwp%2Fv2%2Fmedia&parent=37"}],"curies":[{"name":"wp","href":"https:\/\/api.w.org\/{rel}","templated":true}]}}