{"id":26,"date":"2014-09-19T19:58:56","date_gmt":"2014-09-19T18:58:56","guid":{"rendered":"http:\/\/natationlannemezan.com\/?page_id=26"},"modified":"2025-08-19T09:01:48","modified_gmt":"2025-08-19T08:01:48","slug":"documents-a-telecharger","status":"publish","type":"page","link":"https:\/\/natationlannemezan.com\/?page_id=26","title":{"rendered":"Documents \u00e0 t\u00e9l\u00e9charger"},"content":{"rendered":"\n<p>REGLEMENT INTERIEUR<\/p>\n\n\n\n<div class=\"wp-block-file\"><object class=\"wp-block-file__embed\" data=\"https:\/\/natationlannemezan.com\/wp-content\/uploads\/2025\/08\/Reglement-dnscription-avec-les-horaires-dentrainements.pdf\" type=\"application\/pdf\" style=\"width:100%;height:600px\" aria-label=\"Contenu embarqu\u00e9 Reglement-dnscription-avec-les-horaires-dentrainements.\"><\/object><a id=\"wp-block-file--media-b71d39ef-fd10-4e5b-8aa7-22fb57e4ff72\" href=\"https:\/\/natationlannemezan.com\/wp-content\/uploads\/2025\/08\/Reglement-dnscription-avec-les-horaires-dentrainements.pdf\">Reglement-dnscription-avec-les-horaires-dentrainements<\/a><a href=\"https:\/\/natationlannemezan.com\/wp-content\/uploads\/2025\/08\/Reglement-dnscription-avec-les-horaires-dentrainements.pdf\" class=\"wp-block-file__button wp-element-button\" download aria-describedby=\"wp-block-file--media-b71d39ef-fd10-4e5b-8aa7-22fb57e4ff72\">T\u00e9l\u00e9charger<\/a><\/div>\n\n\n<p>\u00a0<\/p>\n<p>\u00a0<\/p>\n<p>\u00a0<\/p>\n<p>\u00a0<\/p>\n<p>\u00a0<\/p>\n<p>\u00a0<\/p>\n<p>\u00a0<\/p>\n<p>\u00a0<\/p>\n<p>\u00a0<\/p>\n<p>\u00a0<\/p>\n<p>\u00a0<\/p>\n<p>\u00a0<\/p>\n<p>\u00a0<\/p>\n<p>\u00a0<\/p>\n<p>\u00a0<\/p>\n<p>\u00a0<\/p>\n<p>\u00a0<\/p>\n<p>\u00a0<\/p>\n<p>\u00a0<\/p>\n<p>\u00a0<\/p>\n<p>\u00a0<\/p>\n<p>\u00a0<\/p>\n<p>\u00a0<\/p>\n<p>\u00a0<\/p>\n<p>\u00a0<\/p>\n<p>\u00a0<\/p>\n<p>\u00a0<\/p>\n<p>\u00a0<\/p>\n<p><strong>DOCUMENTS SAISON 2024\/2025<\/strong><\/p>\n<p><a href=\"http:\/\/natationlannemezan.com\/wp-content\/uploads\/2024\/08\/Lettre-rentr\u00e9e-24-25.pdf\">Lettre rentr\u00e9e 24-25<\/a><\/p>\n<p><a href=\"http:\/\/natationlannemezan.com\/wp-content\/uploads\/2024\/08\/Formulaire-FFNmineur-remplissable.pdf\">Formulaire FFNmineur remplissable<\/a><\/p>\n<p><a href=\"http:\/\/natationlannemezan.com\/wp-content\/uploads\/2024\/08\/Formulaire-FFN-Majeur-remplissable.pdf\">Formulaire FFN Majeur remplissable<\/a><\/p>\n<p><a href=\"http:\/\/natationlannemezan.com\/wp-content\/uploads\/2024\/08\/Fiche-dinscription-enfant-2024-2025-1.pdf\">Fiche d&rsquo;inscription enfant 2024-2025<\/a><\/p>\n<p><a href=\"http:\/\/natationlannemezan.com\/wp-content\/uploads\/2024\/08\/Fiche-dinscription-adulte-2024-2025.pdf\">Fiche d&rsquo;inscription adulte 2024-2025<\/a><\/p>\n<p><a href=\"http:\/\/natationlannemezan.com\/wp-content\/uploads\/2023\/08\/R\u00e8glement-dnscription-avec-les-horaires-dentra\u00eenements.docx\">R\u00e8glement d&rsquo;nscription avec les horaires d&rsquo;entra\u00eenements<\/a><\/p>\n<p>\u00a0<\/p>\n<p><strong>DOCUMENTS SAISON 2023-2024<\/strong><\/p>\n<p><a href=\"http:\/\/natationlannemezan.com\/wp-content\/uploads\/2023\/08\/Lettre-rentr\u00e9e-23-24.pdf\">Lettre rentr\u00e9e 23-24<\/a><\/p>\n<p><a href=\"http:\/\/natationlannemezan.com\/wp-content\/uploads\/2023\/08\/Fiche-dinscription-enfant-2023-2024.pdf\">Fiche d&rsquo;inscription enfant 2023-2024<\/a><\/p>\n<p><a href=\"http:\/\/natationlannemezan.com\/wp-content\/uploads\/2023\/08\/Licence-mineur.pdf\">Licence mineur<\/a><\/p>\n<p><a href=\"http:\/\/natationlannemezan.com\/wp-content\/uploads\/2023\/08\/Fiche-dinscription-adulte-2023-2024.pdf\">Fiche d&rsquo;inscription adulte 2023-2024<\/a><\/p>\n<p><a href=\"http:\/\/natationlannemezan.com\/wp-content\/uploads\/2023\/08\/Licence-majeur.pdf\">Licence majeur<\/a><\/p>\n<p><a href=\"http:\/\/natationlannemezan.com\/wp-content\/uploads\/2023\/08\/R\u00e8glement-dnscription-avec-les-horaires-dentra\u00eenements.docx\">R\u00e8glement int\u00e9rieur avec les horaires d&rsquo;entra\u00eenements<\/a><\/p>\n<p>\u00a0<\/p>\n<p><strong>DOCUMENTS SAISON 2022.2023<\/strong><\/p>\n<p><a href=\"http:\/\/natationlannemezan.com\/wp-content\/uploads\/2022\/08\/Lettre-rentr\u00e9e-2022-2023-1._pdf.pdf\">Lettre rentr\u00e9e 2022-2023 (1)._pdf<\/a><\/p>\n<p><a href=\"http:\/\/natationlannemezan.com\/wp-content\/uploads\/2022\/08\/R\u00e8glement-dinscription-avec-les-horaires-dentra\u00eenements.docx\">R\u00e8glement-dinscription avec les horaires d&rsquo;entra\u00eenements<\/a><\/p>\n<p><a href=\"http:\/\/natationlannemezan.com\/wp-content\/uploads\/2022\/08\/Fiche-dinscription-enfant-2022-2023-1.pdf\">Fiche d&rsquo;inscription enfant 2022-2023 (1)<\/a><\/p>\n<p><a href=\"http:\/\/natationlannemezan.com\/wp-content\/uploads\/2022\/08\/Fiche-inscription-adulte-1-1.docx\">Fiche-inscription-adulte-<\/a><\/p>\n<p>\u00a0<\/p>\n<p><span style=\"color: #000080;\"><strong><span style=\"text-decoration: underline;\">DOCUMENTS SAISON 2021.2022<\/span><\/strong><\/span><\/p>\n<p><a href=\"http:\/\/natationlannemezan.com\/wp-content\/uploads\/2021\/09\/Lettre-rentr\u00e9e-2021-2022.doc\">Lettre rentr\u00e9e 2021-2022<\/a><\/p>\n<p><a href=\"http:\/\/natationlannemezan.com\/wp-content\/uploads\/2021\/09\/R\u00e8glement-int\u00e9rieur-2021-2022.doc\">R\u00e8glement int\u00e9rieur 2021-2022<\/a><\/p>\n<p><a href=\"http:\/\/natationlannemezan.com\/wp-content\/uploads\/2021\/09\/Fiche-dinscription-enfant-2021-2022.docx\">Fiche d&rsquo;inscription enfant 2021-2022<\/a><\/p>\n<p><a href=\"http:\/\/natationlannemezan.com\/wp-content\/uploads\/2021\/09\/Fiche-inscription-adulte-2021-2022.docx\">Fiche inscription adulte 2021-2022<\/a><\/p>\n<p>\u00a0<\/p>\n<p><span style=\"text-decoration: underline;\"><strong>Documents saison 2020-2021<\/strong><\/span><\/p>\n<p><a href=\"http:\/\/natationlannemezan.com\/wp-content\/uploads\/2020\/09\/Lettre-rentr\u00e9e-2020-2021.doc\">Lettre rentr\u00e9e 2020-2021<\/a><\/p>\n<p><a href=\"http:\/\/natationlannemezan.com\/wp-content\/uploads\/2020\/09\/Fiche-inscription-2020-2021.docx\">Fiche inscription 2020-2021<\/a><\/p>\n<p><a href=\"http:\/\/natationlannemezan.com\/wp-content\/uploads\/2020\/09\/R\u00e8glement-int\u00e9rieur.doc\">R\u00e8glement int\u00e9rieur<\/a><\/p>\n<p>Vous pouvez t\u00e9l\u00e9charger les documents ci-dessous<\/p>\n<p><a href=\"http:\/\/natationlannemezan.com\/wp-content\/uploads\/2019\/09\/Lettre-rentr\u00e9e.doc\">Lettre rentr\u00e9e<\/a><\/p>\n<p><a href=\"http:\/\/natationlannemezan.com\/wp-content\/uploads\/2019\/09\/Fiche-inscription-2019-2020.docx\">Fiche inscription 2019-2020<\/a><\/p>\n<p><a href=\"http:\/\/natationlannemezan.com\/wp-content\/uploads\/2014\/09\/R\u00e8glement-dinscription-1-1-1.docx\">R\u00e8glement int\u00e9rieur avec les horaires d&rsquo;entrainement<\/a><\/p>\n<p><a href=\"http:\/\/natationlannemezan.com\/wp-content\/uploads\/2018\/09\/Boutique-CNPL-1.pdf\">Boutique CNPL<\/a><\/p>\n<p><a href=\"http:\/\/natationlannemezan.com\/wp-content\/uploads\/2018\/09\/Bon-de-commande.pdf\">Bon de commande<\/a><\/p>\n<p>\u00a0<\/p>\n\n\n<div class=\"wp-block-file\"><object class=\"wp-block-file__embed\" data=\"https:\/\/natationlannemezan.com\/wp-content\/uploads\/2025\/08\/Lettre-rentree-adultes-25-26-1.pdf\" type=\"application\/pdf\" style=\"width:100%;height:600px\" aria-label=\"Contenu embarqu\u00e9 Lettre-rentree-adultes-25-26-1.\"><\/object><a id=\"wp-block-file--media-bae95584-7af7-44e1-92b0-82cebe5fd4b7\" href=\"https:\/\/natationlannemezan.com\/?attachment_id=1341\">Lettre-rentree-adultes-25-26-1<\/a><a href=\"https:\/\/natationlannemezan.com\/wp-content\/uploads\/2025\/08\/Lettre-rentree-adultes-25-26-1.pdf\" class=\"wp-block-file__button wp-element-button\" download aria-describedby=\"wp-block-file--media-bae95584-7af7-44e1-92b0-82cebe5fd4b7\">T\u00e9l\u00e9charger<\/a><\/div>\n","protected":false},"excerpt":{"rendered":"<p>REGLEMENT INTERIEUR \u00a0 \u00a0 \u00a0 \u00a0 \u00a0 \u00a0 \u00a0 \u00a0 \u00a0 \u00a0 \u00a0 \u00a0 \u00a0 \u00a0 \u00a0 \u00a0 \u00a0 \u00a0 \u00a0 \u00a0 \u00a0 \u00a0 \u00a0 \u00a0 \u00a0 \u00a0 \u00a0 \u00a0 DOCUMENTS SAISON 2024\/2025 Lettre rentr\u00e9e 24-25 Formulaire FFNmineur remplissable Formulaire &hellip; <a href=\"https:\/\/natationlannemezan.com\/?page_id=26\">Continuer la lecture <span class=\"meta-nav\">&rarr;<\/span><\/a><\/p>\n","protected":false},"author":1,"featured_media":0,"parent":0,"menu_order":0,"comment_status":"open","ping_status":"open","template":"","meta":[],"_links":{"self":[{"href":"https:\/\/natationlannemezan.com\/index.php?rest_route=\/wp\/v2\/pages\/26"}],"collection":[{"href":"https:\/\/natationlannemezan.com\/index.php?rest_route=\/wp\/v2\/pages"}],"about":[{"href":"https:\/\/natationlannemezan.com\/index.php?rest_route=\/wp\/v2\/types\/page"}],"author":[{"embeddable":true,"href":"https:\/\/natationlannemezan.com\/index.php?rest_route=\/wp\/v2\/users\/1"}],"replies":[{"embeddable":true,"href":"https:\/\/natationlannemezan.com\/index.php?rest_route=%2Fwp%2Fv2%2Fcomments&post=26"}],"version-history":[{"count":28,"href":"https:\/\/natationlannemezan.com\/index.php?rest_route=\/wp\/v2\/pages\/26\/revisions"}],"predecessor-version":[{"id":1347,"href":"https:\/\/natationlannemezan.com\/index.php?rest_route=\/wp\/v2\/pages\/26\/revisions\/1347"}],"wp:attachment":[{"href":"https:\/\/natationlannemezan.com\/index.php?rest_route=%2Fwp%2Fv2%2Fmedia&parent=26"}],"curies":[{"name":"wp","href":"https:\/\/api.w.org\/{rel}","templated":true}]}}